{"id":6600,"date":"2022-06-13T19:37:13","date_gmt":"2022-06-13T19:37:13","guid":{"rendered":"https:\/\/switzerlandcitytours.com\/IT\/?page_id=6600"},"modified":"2025-09-02T12:08:16","modified_gmt":"2025-09-02T12:08:16","slug":"note-legali","status":"publish","type":"page","link":"https:\/\/switzerlandcitytours.com\/IT\/note-legali\/","title":{"rendered":"Note Legali"},"content":{"rendered":"\n<style type=\"text\/css\" data-created_by=\"avia_inline_auto\" id=\"style-css-av-l4d4yzbp-faa30f018bec2016dc439dc7b371e258\">\n#top .av-special-heading.av-l4d4yzbp-faa30f018bec2016dc439dc7b371e258{\npadding-bottom:10px;\ncolor:#000000;\nfont-size:45px;\n}\nbody .av-special-heading.av-l4d4yzbp-faa30f018bec2016dc439dc7b371e258 .av-special-heading-tag .heading-char{\nfont-size:25px;\n}\n#top #wrap_all .av-special-heading.av-l4d4yzbp-faa30f018bec2016dc439dc7b371e258 .av-special-heading-tag{\nfont-size:45px;\n}\n.av-special-heading.av-l4d4yzbp-faa30f018bec2016dc439dc7b371e258 .special-heading-inner-border{\nborder-color:#000000;\n}\n.av-special-heading.av-l4d4yzbp-faa30f018bec2016dc439dc7b371e258 .av-subheading{\nfont-size:35px;\n}\n\n@media only screen and (min-width: 480px) and (max-width: 767px){ \n#top #wrap_all .av-special-heading.av-l4d4yzbp-faa30f018bec2016dc439dc7b371e258 .av-special-heading-tag{\nfont-size:26px;\n}\n.av-special-heading.av-l4d4yzbp-faa30f018bec2016dc439dc7b371e258 .av-subheading{\nfont-size:20px;\n}\n}\n\n@media only screen and (max-width: 479px){ \n#top #wrap_all .av-special-heading.av-l4d4yzbp-faa30f018bec2016dc439dc7b371e258 .av-special-heading-tag{\nfont-size:23px;\n}\n.av-special-heading.av-l4d4yzbp-faa30f018bec2016dc439dc7b371e258 .av-subheading{\nfont-size:18px;\n}\n}\n<\/style>\n<div  class='av-special-heading av-l4d4yzbp-faa30f018bec2016dc439dc7b371e258 av-special-heading-h2 custom-color-heading blockquote modern-quote modern-centered  avia-builder-el-0  el_before_av_hr  avia-builder-el-first  av-inherit-size'><h2 class='av-special-heading-tag '  itemprop=\"headline\"  >Note legali <\/h2><div class='av_custom_color av-subheading av-subheading_below'><p>Switzerland City Tours<br \/>\nFeel Switzerland&rsquo;s Soul<\/p>\n<\/div><div class=\"special-heading-border\"><div class=\"special-heading-inner-border\"><\/div><\/div><\/div>\n\n<style type=\"text\/css\" data-created_by=\"avia_inline_auto\" id=\"style-css-av-1upjpk-d5de276d8f9368e665348015ea7faaa4\">\n#top .hr.av-1upjpk-d5de276d8f9368e665348015ea7faaa4{\nmargin-top:30px;\nmargin-bottom:90px;\n}\n.hr.av-1upjpk-d5de276d8f9368e665348015ea7faaa4 .hr-inner{\nwidth:120px;\nborder-color:#bfbfbf;\nmax-width:45%;\n}\n<\/style>\n<div  class='hr av-1upjpk-d5de276d8f9368e665348015ea7faaa4 hr-custom  avia-builder-el-1  el_after_av_heading  el_before_av_one_half  hr-center hr-icon-yes'><span class='hr-inner inner-border-av-border-thin'><span class=\"hr-inner-style\"><\/span><\/span><span class='av-seperator-icon avia-iconfont avia-font-entypo-fontello' data-av_icon='\ue865' data-av_iconfont='entypo-fontello' ><\/span><span class='hr-inner inner-border-av-border-thin'><span class=\"hr-inner-style\"><\/span><\/span><\/div>\n\n<style type=\"text\/css\" data-created_by=\"avia_inline_auto\" id=\"style-css-av-l4d5hszx-186c0fe3bd2be061c570e05c66cb5688\">\n.flex_column.av-l4d5hszx-186c0fe3bd2be061c570e05c66cb5688{\npadding:20px 20px 20px 20px;\nbackground-color:rgba(229,227,208,0.83);\n}\n<\/style>\n<div  class='flex_column av-l4d5hszx-186c0fe3bd2be061c570e05c66cb5688 av_one_half  avia-builder-el-2  el_after_av_hr  el_before_av_one_half  first flex_column_div  '     ><style type=\"text\/css\" data-created_by=\"avia_inline_auto\" id=\"style-css-av-l4d555pi-8a863a3cef9d3035617fdac8f8853258\">\n#top .av_textblock_section.av-l4d555pi-8a863a3cef9d3035617fdac8f8853258 .avia_textblock{\ncolor:#000000;\n}\n<\/style>\n<section  class='av_textblock_section av-l4d555pi-8a863a3cef9d3035617fdac8f8853258 '   itemscope=\"itemscope\" itemtype=\"https:\/\/schema.org\/CreativeWork\" ><div class='avia_textblock av_inherit_color'  itemprop=\"text\" ><h4><strong>Indirizzo di contatto<br \/>\n<\/strong><\/h4>\n<p>GuidedTour<\/p>\n<p>Propri\u00e9taire\u00a0: Natacha Piano<\/p>\n<p>CH 2502 Bienne<\/p>\n<p>T\u00e9l. : 078\u00a0739 28 91<\/p>\n<p><strong>Condizioni d\u2019uso<\/strong><\/p>\n<p>L\u2019uso del presente sito implica la piena accettazione delle condizioni generali d\u2019uso descritte di seguito. Queste sono soggette a modifiche o a completamenti in qualsiasi momento.<\/p>\n<p><strong>Esclusione di responsabilit\u00e0<\/strong><\/p>\n<p>L\u2019autore non si assume alcuna responsabilit\u00e0 riguardo all\u2019esaustivit\u00e0, all\u2019esattezza, alla precisione, all\u2019attualit\u00e0, all\u2019affidabilit\u00e0 delle informazioni date.<\/p>\n<p>Si riserva inoltre il diritto di modificare, completare, eliminare o sospendere temporaneamente o definitivamente la pubblicazione di parte di pagine o dell\u2019offerta completa senza avviso previo.<\/p>\n<p>Il proprietario del sito non pu\u00f2 essere tenuto responsabile dei danni diretti e indiretti derivanti dall\u2019accesso al sito.<\/p>\n<p>L\u2019utente \u00e8 abilitato a deporre del contenuto negli spazi dedicati agli ospiti (per ex. attraverso i commenti), e se ne assumer\u00e0 l\u2019intera responsabilit\u00e0 giuridica.<\/p>\n<p>Il proprietario del sito si riserva tuttavia il diritto di ritirare senza preavviso n\u00e9 giustifica qualsiasi contenuto deposto dagli utenti che non sarebbe conforme alla carta deontologica del sito o alla legislazione in vigore.<\/p>\n<p><strong>Responsabilit\u00e0 in merito ai link<\/strong><\/p>\n<p>I link verso siti terzi non rientrano nell\u2019ambito della nostra responsabilit\u00e0. Decliniamo perci\u00f2 ogni responsabilit\u00e0 nei loro riguardi. L\u2019accesso e l\u2019utilizzo di tali siti \u00e8 ai rischi e pericoli dell\u2019utente.<\/p>\n<p>Il proprietario del sito autorizza i collegamenti ipertestuali verso una delle pagine di questo sito, a condizione che questi aprano in una nuova finestra e siano presentati in modo non equivoco alfine di evitare qualsiasi rischio di confusione fra il sito citato e il proprietario del sito, o di presentazione tendenziosa, o contraria alle leggi in vigore.<\/p>\n<p>Il proprietario del sito si riserva il diritto di richiedere la suppressione di un collegamento se ritiene che esso non rispetta le regole definite.<\/p>\n<\/div><\/section><\/div>\n\n<style type=\"text\/css\" data-created_by=\"avia_inline_auto\" id=\"style-css-av-l4d5retx-3075ede7fae8cef311dae04374ee00a6\">\n.flex_column.av-l4d5retx-3075ede7fae8cef311dae04374ee00a6{\npadding:20px 20px 20px 20px;\nbackground-color:rgba(229,227,208,0.83);\n}\n<\/style>\n<div  class='flex_column av-l4d5retx-3075ede7fae8cef311dae04374ee00a6 av_one_half  avia-builder-el-4  el_after_av_one_half  el_before_av_hr  flex_column_div  '     ><style type=\"text\/css\" data-created_by=\"avia_inline_auto\" id=\"style-css-av-l4d5dmyl-44341ff8240951165f3bdc32e7038d69\">\n#top .av_textblock_section.av-l4d5dmyl-44341ff8240951165f3bdc32e7038d69 .avia_textblock{\ncolor:#000000;\n}\n<\/style>\n<section  class='av_textblock_section av-l4d5dmyl-44341ff8240951165f3bdc32e7038d69 '   itemscope=\"itemscope\" itemtype=\"https:\/\/schema.org\/CreativeWork\" ><div class='avia_textblock av_inherit_color'  itemprop=\"text\" ><p><strong>Propri\u00e9t\u00e0 intellettuale<\/strong><\/p>\n<p>I diritti d\u2019autore e tutti gli altri diritti sul contenuto (testi, foto, riproduzioni, disegni, pitture, video, logo, icone, suoni) sono propriet\u00e0 esclusiva di GuidedTour. Qualsiasi riproduzione, rappresentazione, modifica, pubblicazione, adattamento di tutto o di parte degli elementi del sito, qualsiasi sia il mezzo o il procedimento usato, \u00e8 vietata, salvo previa autorizzazione scritta da parte dell\u2019autore. Qualsiasi uso non consentito del sito o di qualsiasi degli elementi che vi sono contenuti \u00e8 considerato come una contraffazione ed \u00e8 passibile di sanzioni.<\/p>\n<p>CREDITI FOTOGRAFICI:<\/p>\n<p>\u00a9 Natacha Piano, salvo menzione come di seguito :<\/p>\n<p>Diploma di Corrado di Borgogna in favore dell\u2019abbazia di Moutier-Grandval (copia del X-XIe s. di un originale del 968): \u00a9 Mus\u00e9e Jurassien d\u2019Art et d\u2019Histoire di Del\u00e9mont, photo Natacha Piano.<\/p>\n<p>Cantiere di scavi \u00e0 Moutier, 2008: \u00a9 Servizio archeologico cantonale di Berna.<\/p>\n<p>Flavio Giuseppe, Le antichit\u00e0 ebraiche, BNF Fr. 247, t. 1, fol. 163.<\/p>\n<p>Ricostruzione dell\u2019antico Borgo di Berna tratto da <em>Berns Mutige Zeit<\/em>, p. 77.<\/p>\n<p>Stato della piattaforma del M\u00fcnster di Berna nel XVIe s. tratto da Berns M\u00e4chtige Zeit, p. 10.<\/p>\n<p>Disegno della Fontana sita in via dell\u2019Ospedale a Berna tratta da Berns Grosse Zeit.<\/p>\n<p>Cristo in medaglione, muro absidale della chiesa di Chali\u00e8re (Moutier)\u00a0: \u00a9 Alain Fretz.<\/p>\n<p>Orso che fa il bagno nell&rsquo;Aar: \u00a9 Tierpark Bern.<\/p>\n<p>CREDITI VIDEO<\/p>\n<p>\u00a9 Natacha Piano, salvo menzione come di seguito:<\/p>\n<p>Visite guidate in tedesco, francese, italiano e spagnolo: \u00a9 Natacha Piano, con l\u2019accordo di ripresa da parte dei membri dei gruppi: Gruppo \u00ab\u00a0Kunstgeschichte Bern\u00a0\u00bb, Forum \u00ab\u00a0Elle\u00a0\u00bb (Fribourg), Corale Verzaschese (Val Verzasca), Scuola Latino-americana (Bienne).<\/p>\n<p>Riutilizzazione autorizzata di estratti di filmati da drono di Imre Fekete e Dario B\u00fcrgi (Youtube) nonch\u00e9 di Mathias Groenveld, Taryn Elliot, Thirdmann, Cottombro, Twice Switzerland e Anastasia Shuraeva (Pexel).<\/p>\n<\/div><\/section><\/div>\n\n<style type=\"text\/css\" data-created_by=\"avia_inline_auto\" id=\"style-css-av-l4d56q81-0f96ad55c67b602eff0b35f40bf80232\">\n#top .hr.hr-invisible.av-l4d56q81-0f96ad55c67b602eff0b35f40bf80232{\nheight:80px;\n}\n<\/style>\n<div  class='hr av-l4d56q81-0f96ad55c67b602eff0b35f40bf80232 hr-invisible  avia-builder-el-6  el_after_av_one_half  avia-builder-el-last '><span class='hr-inner '><span class=\"hr-inner-style\"><\/span><\/span><\/div>\n","protected":false},"excerpt":{"rendered":"","protected":false},"author":1,"featured_media":0,"parent":0,"menu_order":7,"comment_status":"closed","ping_status":"closed","template":"","meta":{"footnotes":""},"class_list":["post-6600","page","type-page","status-publish","hentry"],"yoast_head":"<!-- This site is optimized with the Yoast SEO plugin v27.4 - https:\/\/yoast.com\/product\/yoast-seo-wordpress\/ -->\n<title>Note Legali - Switzerland City Tours<\/title>\n<meta name=\"robots\" content=\"index, follow, max-snippet:-1, max-image-preview:large, max-video-preview:-1\" \/>\n<link rel=\"canonical\" href=\"https:\/\/switzerlandcitytours.com\/IT\/note-legali\/\" \/>\n<meta property=\"og:locale\" content=\"fr_FR\" \/>\n<meta property=\"og:type\" content=\"article\" \/>\n<meta property=\"og:title\" content=\"Note Legali - Switzerland City Tours\" \/>\n<meta property=\"og:url\" content=\"https:\/\/switzerlandcitytours.com\/IT\/note-legali\/\" \/>\n<meta property=\"og:site_name\" content=\"Switzerland City Tours\" \/>\n<meta property=\"article:modified_time\" content=\"2025-09-02T12:08:16+00:00\" \/>\n<meta name=\"twitter:card\" content=\"summary_large_image\" \/>\n<meta name=\"twitter:label1\" content=\"Dur\u00e9e de lecture estim\u00e9e\" \/>\n\t<meta name=\"twitter:data1\" content=\"3 minutes\" \/>\n<script type=\"application\/ld+json\" class=\"yoast-schema-graph\">{\"@context\":\"https:\\\/\\\/schema.org\",\"@graph\":[{\"@type\":\"WebPage\",\"@id\":\"https:\\\/\\\/switzerlandcitytours.com\\\/IT\\\/note-legali\\\/\",\"url\":\"https:\\\/\\\/switzerlandcitytours.com\\\/IT\\\/note-legali\\\/\",\"name\":\"Note Legali - Switzerland City Tours\",\"isPartOf\":{\"@id\":\"https:\\\/\\\/switzerlandcitytours.com\\\/IT\\\/#website\"},\"datePublished\":\"2022-06-13T19:37:13+00:00\",\"dateModified\":\"2025-09-02T12:08:16+00:00\",\"breadcrumb\":{\"@id\":\"https:\\\/\\\/switzerlandcitytours.com\\\/IT\\\/note-legali\\\/#breadcrumb\"},\"inLanguage\":\"fr-FR\",\"potentialAction\":[{\"@type\":\"ReadAction\",\"target\":[\"https:\\\/\\\/switzerlandcitytours.com\\\/IT\\\/note-legali\\\/\"]}]},{\"@type\":\"BreadcrumbList\",\"@id\":\"https:\\\/\\\/switzerlandcitytours.com\\\/IT\\\/note-legali\\\/#breadcrumb\",\"itemListElement\":[{\"@type\":\"ListItem\",\"position\":1,\"name\":\"Home\",\"item\":\"https:\\\/\\\/switzerlandcitytours.com\\\/IT\\\/\"},{\"@type\":\"ListItem\",\"position\":2,\"name\":\"Note Legali\"}]},{\"@type\":\"WebSite\",\"@id\":\"https:\\\/\\\/switzerlandcitytours.com\\\/IT\\\/#website\",\"url\":\"https:\\\/\\\/switzerlandcitytours.com\\\/IT\\\/\",\"name\":\"Switzerland City Tours\",\"description\":\"La Storia riportata in vita\",\"publisher\":{\"@id\":\"https:\\\/\\\/switzerlandcitytours.com\\\/IT\\\/#organization\"},\"potentialAction\":[{\"@type\":\"SearchAction\",\"target\":{\"@type\":\"EntryPoint\",\"urlTemplate\":\"https:\\\/\\\/switzerlandcitytours.com\\\/IT\\\/?s={search_term_string}\"},\"query-input\":{\"@type\":\"PropertyValueSpecification\",\"valueRequired\":true,\"valueName\":\"search_term_string\"}}],\"inLanguage\":\"fr-FR\"},{\"@type\":\"Organization\",\"@id\":\"https:\\\/\\\/switzerlandcitytours.com\\\/IT\\\/#organization\",\"name\":\"Switzerland City Tours\",\"url\":\"https:\\\/\\\/switzerlandcitytours.com\\\/IT\\\/\",\"logo\":{\"@type\":\"ImageObject\",\"inLanguage\":\"fr-FR\",\"@id\":\"https:\\\/\\\/switzerlandcitytours.com\\\/IT\\\/#\\\/schema\\\/logo\\\/image\\\/\",\"url\":\"\",\"contentUrl\":\"\",\"caption\":\"Switzerland City Tours\"},\"image\":{\"@id\":\"https:\\\/\\\/switzerlandcitytours.com\\\/IT\\\/#\\\/schema\\\/logo\\\/image\\\/\"},\"sameAs\":[\"https:\\\/\\\/www.linkedin.com\\\/feed\\\/\",\"https:\\\/\\\/www.researchgate.net\\\/profile\\\/Natacha-Piano\",\"https:\\\/\\\/independent.academia.edu\\\/NatachaPiano\"]}]}<\/script>\n<!-- \/ Yoast SEO plugin. -->","yoast_head_json":{"title":"Note Legali - Switzerland City Tours","robots":{"index":"index","follow":"follow","max-snippet":"max-snippet:-1","max-image-preview":"max-image-preview:large","max-video-preview":"max-video-preview:-1"},"canonical":"https:\/\/switzerlandcitytours.com\/IT\/note-legali\/","og_locale":"fr_FR","og_type":"article","og_title":"Note Legali - Switzerland City Tours","og_url":"https:\/\/switzerlandcitytours.com\/IT\/note-legali\/","og_site_name":"Switzerland City Tours","article_modified_time":"2025-09-02T12:08:16+00:00","twitter_card":"summary_large_image","twitter_misc":{"Dur\u00e9e de lecture estim\u00e9e":"3 minutes"},"schema":{"@context":"https:\/\/schema.org","@graph":[{"@type":"WebPage","@id":"https:\/\/switzerlandcitytours.com\/IT\/note-legali\/","url":"https:\/\/switzerlandcitytours.com\/IT\/note-legali\/","name":"Note Legali - Switzerland City Tours","isPartOf":{"@id":"https:\/\/switzerlandcitytours.com\/IT\/#website"},"datePublished":"2022-06-13T19:37:13+00:00","dateModified":"2025-09-02T12:08:16+00:00","breadcrumb":{"@id":"https:\/\/switzerlandcitytours.com\/IT\/note-legali\/#breadcrumb"},"inLanguage":"fr-FR","potentialAction":[{"@type":"ReadAction","target":["https:\/\/switzerlandcitytours.com\/IT\/note-legali\/"]}]},{"@type":"BreadcrumbList","@id":"https:\/\/switzerlandcitytours.com\/IT\/note-legali\/#breadcrumb","itemListElement":[{"@type":"ListItem","position":1,"name":"Home","item":"https:\/\/switzerlandcitytours.com\/IT\/"},{"@type":"ListItem","position":2,"name":"Note Legali"}]},{"@type":"WebSite","@id":"https:\/\/switzerlandcitytours.com\/IT\/#website","url":"https:\/\/switzerlandcitytours.com\/IT\/","name":"Switzerland City Tours","description":"La Storia riportata in vita","publisher":{"@id":"https:\/\/switzerlandcitytours.com\/IT\/#organization"},"potentialAction":[{"@type":"SearchAction","target":{"@type":"EntryPoint","urlTemplate":"https:\/\/switzerlandcitytours.com\/IT\/?s={search_term_string}"},"query-input":{"@type":"PropertyValueSpecification","valueRequired":true,"valueName":"search_term_string"}}],"inLanguage":"fr-FR"},{"@type":"Organization","@id":"https:\/\/switzerlandcitytours.com\/IT\/#organization","name":"Switzerland City Tours","url":"https:\/\/switzerlandcitytours.com\/IT\/","logo":{"@type":"ImageObject","inLanguage":"fr-FR","@id":"https:\/\/switzerlandcitytours.com\/IT\/#\/schema\/logo\/image\/","url":"","contentUrl":"","caption":"Switzerland City Tours"},"image":{"@id":"https:\/\/switzerlandcitytours.com\/IT\/#\/schema\/logo\/image\/"},"sameAs":["https:\/\/www.linkedin.com\/feed\/","https:\/\/www.researchgate.net\/profile\/Natacha-Piano","https:\/\/independent.academia.edu\/NatachaPiano"]}]}},"_links":{"self":[{"href":"https:\/\/switzerlandcitytours.com\/IT\/wp-json\/wp\/v2\/pages\/6600","targetHints":{"allow":["GET"]}}],"collection":[{"href":"https:\/\/switzerlandcitytours.com\/IT\/wp-json\/wp\/v2\/pages"}],"about":[{"href":"https:\/\/switzerlandcitytours.com\/IT\/wp-json\/wp\/v2\/types\/page"}],"author":[{"embeddable":true,"href":"https:\/\/switzerlandcitytours.com\/IT\/wp-json\/wp\/v2\/users\/1"}],"replies":[{"embeddable":true,"href":"https:\/\/switzerlandcitytours.com\/IT\/wp-json\/wp\/v2\/comments?post=6600"}],"version-history":[{"count":38,"href":"https:\/\/switzerlandcitytours.com\/IT\/wp-json\/wp\/v2\/pages\/6600\/revisions"}],"predecessor-version":[{"id":12083,"href":"https:\/\/switzerlandcitytours.com\/IT\/wp-json\/wp\/v2\/pages\/6600\/revisions\/12083"}],"wp:attachment":[{"href":"https:\/\/switzerlandcitytours.com\/IT\/wp-json\/wp\/v2\/media?parent=6600"}],"curies":[{"name":"wp","href":"https:\/\/api.w.org\/{rel}","templated":true}]}}