{"id":10207,"date":"2023-08-25T22:21:36","date_gmt":"2023-08-25T22:21:36","guid":{"rendered":"https:\/\/switzerlandcitytours.com\/IT\/?page_id=10207"},"modified":"2025-11-24T02:42:54","modified_gmt":"2025-11-24T02:42:54","slug":"profilo","status":"publish","type":"page","link":"https:\/\/switzerlandcitytours.com\/IT\/profilo\/","title":{"rendered":"Profilo"},"content":{"rendered":"\n<style type=\"text\/css\" data-created_by=\"avia_inline_auto\" id=\"style-css-av-mi64btm8-d0e4057109f3fef5f2275962c74ac82f\">\n#top .hr.hr-invisible.av-mi64btm8-d0e4057109f3fef5f2275962c74ac82f{\nheight:70px;\n}\n<\/style>\n<div  class='hr av-mi64btm8-d0e4057109f3fef5f2275962c74ac82f hr-invisible  avia-builder-el-0  el_before_av_one_half  avia-builder-el-first  av-desktop-hide av-medium-hide'><span class='hr-inner '><span class=\"hr-inner-style\"><\/span><\/span><\/div>\n<div class='flex_column_table av-15anlen-8d1407c8561844a6812b45f6431ba659 sc-av_one_half av-equal-height-column-flextable'>\n<style type=\"text\/css\" data-created_by=\"avia_inline_auto\" id=\"style-css-av-15anlen-8d1407c8561844a6812b45f6431ba659\">\n#top .flex_column_table.av-equal-height-column-flextable.av-15anlen-8d1407c8561844a6812b45f6431ba659{\nmargin-top:20px;\nmargin-bottom:20px;\n}\n.flex_column.av-15anlen-8d1407c8561844a6812b45f6431ba659{\nborder-radius:0px 0px 0px 0px;\npadding:40px 40px 40px 40px;\nbackground-color:#ffffff;\n}\n<\/style>\n<div  class='flex_column av-15anlen-8d1407c8561844a6812b45f6431ba659 av_one_half  avia-builder-el-1  el_after_av_hr  el_before_av_one_half  first flex_column_table_cell av-equal-height-column av-align-middle av-animated-generic fade-in  '     ><style type=\"text\/css\" data-created_by=\"avia_inline_auto\" id=\"style-css-av-micjivwm-345a0970a1f5c8c3188708d59c822e08\">\n#top .avia-icon-list-container.av-micjivwm-345a0970a1f5c8c3188708d59c822e08 .iconlist_icon{\nbackground-color:#b02b2c;\n}\n#top #wrap_all .avia-icon-list-container.av-micjivwm-345a0970a1f5c8c3188708d59c822e08 .av_iconlist_title{\nfont-size:19px;\n}\n.avia-icon-list-container.av-micjivwm-345a0970a1f5c8c3188708d59c822e08 .iconlist_content{\nfont-size:18px;\n}\n\n@media only screen and (min-width: 480px) and (max-width: 767px){ \n#top #wrap_all .avia-icon-list-container.av-micjivwm-345a0970a1f5c8c3188708d59c822e08 .av_iconlist_title{\nfont-size:19px;\n}\n.avia-icon-list-container.av-micjivwm-345a0970a1f5c8c3188708d59c822e08 .iconlist_content{\nfont-size:17px;\n}\n}\n\n@media only screen and (max-width: 479px){ \n#top #wrap_all .avia-icon-list-container.av-micjivwm-345a0970a1f5c8c3188708d59c822e08 .av_iconlist_title{\nfont-size:16px;\n}\n.avia-icon-list-container.av-micjivwm-345a0970a1f5c8c3188708d59c822e08 .iconlist_content{\nfont-size:16px;\n}\n}\n<\/style>\n<div  class='avia-icon-list-container av-micjivwm-345a0970a1f5c8c3188708d59c822e08  avia-builder-el-2  avia-builder-el-no-sibling '><ul class='avia-icon-list avia_animate_when_almost_visible avia-icon-list-right av-iconlist-big av-micjivwm-345a0970a1f5c8c3188708d59c822e08 avia-iconlist-animate'>\n<li><a href='https:\/\/switzerlandcitytours.com\/IT\/info-sulla-guida\/chi-sono\/' title='Scopri la guida'  target=\"_blank\"  rel=\"noopener noreferrer\" aria-label='Scopri la guida' class='iconlist_icon av-micjiv2e-bfa3d8d0b2bb2ec176f0bdc4c638ebc3 avia-font-entypo-fontello avia-iconfont avia-font-entypo-fontello'><span class='av-icon-char' data-av_icon='\ue889' data-av_iconfont='entypo-fontello' aria-hidden=\"true\"><\/span><\/a><article class=\"article-icon-entry \"  itemscope=\"itemscope\" itemtype=\"https:\/\/schema.org\/CreativeWork\" ><div class=\"iconlist_content_wrap\"><header class=\"entry-content-header\" aria-label=\"Ic\u00f4ne : Scopri la guida\"><h5 class='av_iconlist_title iconlist_title  '  itemprop=\"headline\" >Scopri la guida<\/h5><\/header><div class='iconlist_content '  itemprop=\"text\" ><p>Le nostre visite sono create e condotte in cinque lingue da un&rsquo;archeologa e storica dell&rsquo;arte specialista del Medioevo<\/p>\n<\/div><\/div><footer class=\"entry-footer\"><\/footer><\/article><div class=\"iconlist-timeline\"><\/div><\/li>\n<\/ul><\/div><\/div><div class='av-flex-placeholder'><\/div>\n<style type=\"text\/css\" data-created_by=\"avia_inline_auto\" id=\"style-css-av-oasf0f-a2693de04c19bb0a2d9aa3a33d491474\">\n#top .flex_column_table.av-equal-height-column-flextable.av-oasf0f-a2693de04c19bb0a2d9aa3a33d491474{\nmargin-top:20px;\nmargin-bottom:20px;\n}\n.flex_column.av-oasf0f-a2693de04c19bb0a2d9aa3a33d491474{\nborder-radius:0px 0px 0px 0px;\npadding:40px 40px 40px 40px;\nbackground-color:#ffffff;\n}\n<\/style>\n<div  class='flex_column av-oasf0f-a2693de04c19bb0a2d9aa3a33d491474 av_one_half  avia-builder-el-3  el_after_av_one_half  avia-builder-el-last  flex_column_table_cell av-equal-height-column av-align-middle av-animated-generic fade-in  '     ><style type=\"text\/css\" data-created_by=\"avia_inline_auto\" id=\"style-css-av-micjkp3i-ce560bcb67aa64f1e78e3d6c6f72a3c8\">\n#top .avia-icon-list-container.av-micjkp3i-ce560bcb67aa64f1e78e3d6c6f72a3c8 .iconlist_icon{\nbackground-color:#b02b2c;\n}\n#top #wrap_all .avia-icon-list-container.av-micjkp3i-ce560bcb67aa64f1e78e3d6c6f72a3c8 .av_iconlist_title{\nfont-size:19px;\n}\n.avia-icon-list-container.av-micjkp3i-ce560bcb67aa64f1e78e3d6c6f72a3c8 .iconlist_content{\nfont-size:18px;\n}\n\n@media only screen and (min-width: 480px) and (max-width: 767px){ \n#top #wrap_all .avia-icon-list-container.av-micjkp3i-ce560bcb67aa64f1e78e3d6c6f72a3c8 .av_iconlist_title{\nfont-size:19px;\n}\n.avia-icon-list-container.av-micjkp3i-ce560bcb67aa64f1e78e3d6c6f72a3c8 .iconlist_content{\nfont-size:17px;\n}\n}\n\n@media only screen and (max-width: 479px){ \n#top #wrap_all .avia-icon-list-container.av-micjkp3i-ce560bcb67aa64f1e78e3d6c6f72a3c8 .av_iconlist_title{\nfont-size:16px;\n}\n.avia-icon-list-container.av-micjkp3i-ce560bcb67aa64f1e78e3d6c6f72a3c8 .iconlist_content{\nfont-size:16px;\n}\n}\n<\/style>\n<div  class='avia-icon-list-container av-micjkp3i-ce560bcb67aa64f1e78e3d6c6f72a3c8  avia-builder-el-4  avia-builder-el-no-sibling '><ul class='avia-icon-list avia_animate_when_almost_visible avia-icon-list-right av-iconlist-big av-micjkp3i-ce560bcb67aa64f1e78e3d6c6f72a3c8 avia-iconlist-animate'>\n<li><a href='https:\/\/switzerlandcitytours.com\/IT\/profilo\/recensioni\/' title='Recensioni'  target=\"_blank\"  rel=\"noopener noreferrer\" aria-label='Recensioni' class='iconlist_icon av-micjkoip-a7d57ad823507767d5fd594b859b16dc avia-font-entypo-fontello avia-iconfont avia-font-entypo-fontello'><span class='av-icon-char' data-av_icon='\ue889' data-av_iconfont='entypo-fontello' aria-hidden=\"true\"><\/span><\/a><article class=\"article-icon-entry \"  itemscope=\"itemscope\" itemtype=\"https:\/\/schema.org\/CreativeWork\" ><div class=\"iconlist_content_wrap\"><header class=\"entry-content-header\" aria-label=\"Ic\u00f4ne : Recensioni\"><h5 class='av_iconlist_title iconlist_title  '  itemprop=\"headline\" >Recensioni<\/h5><\/header><div class='iconlist_content '  itemprop=\"text\" ><p>D\u00e9couvrez ce dont on se rappelle apr\u00e8s la visite guid\u00e9e.<\/p>\n<\/div><\/div><footer class=\"entry-footer\"><\/footer><\/article><div class=\"iconlist-timeline\"><\/div><\/li>\n<\/ul><\/div><\/div><\/div><!--close column table wrapper. Autoclose: 1 --><\/p>\n","protected":false},"excerpt":{"rendered":"","protected":false},"author":1,"featured_media":0,"parent":0,"menu_order":0,"comment_status":"closed","ping_status":"closed","template":"","meta":{"footnotes":""},"class_list":["post-10207","page","type-page","status-publish","hentry"],"yoast_head":"<!-- This site is optimized with the Yoast SEO plugin v27.4 - https:\/\/yoast.com\/product\/yoast-seo-wordpress\/ -->\n<title>Profilo - Switzerland City Tours<\/title>\n<meta name=\"description\" content=\"Profilo \u2013 L&#039;essenziale sul mio percorso, la mia esperienza e le recensioni dei clienti sulle mie visite guidate uniche.\" \/>\n<meta name=\"robots\" content=\"index, follow, max-snippet:-1, max-image-preview:large, max-video-preview:-1\" \/>\n<link rel=\"canonical\" href=\"https:\/\/switzerlandcitytours.com\/IT\/profilo\/\" \/>\n<meta property=\"og:locale\" content=\"fr_FR\" \/>\n<meta property=\"og:type\" content=\"article\" \/>\n<meta property=\"og:title\" content=\"Profilo - Switzerland City Tours\" \/>\n<meta property=\"og:description\" content=\"Profilo \u2013 L&#039;essenziale sul mio percorso, la mia esperienza e le recensioni dei clienti sulle mie visite guidate uniche.\" \/>\n<meta property=\"og:url\" content=\"https:\/\/switzerlandcitytours.com\/IT\/profilo\/\" \/>\n<meta property=\"og:site_name\" content=\"Switzerland City Tours\" \/>\n<meta property=\"article:modified_time\" content=\"2025-11-24T02:42:54+00:00\" \/>\n<meta name=\"twitter:card\" content=\"summary_large_image\" \/>\n<meta name=\"twitter:label1\" content=\"Dur\u00e9e de lecture estim\u00e9e\" \/>\n\t<meta name=\"twitter:data1\" content=\"1 minute\" \/>\n<script type=\"application\/ld+json\" class=\"yoast-schema-graph\">{\"@context\":\"https:\\\/\\\/schema.org\",\"@graph\":[{\"@type\":\"WebPage\",\"@id\":\"https:\\\/\\\/switzerlandcitytours.com\\\/IT\\\/profilo\\\/\",\"url\":\"https:\\\/\\\/switzerlandcitytours.com\\\/IT\\\/profilo\\\/\",\"name\":\"Profilo - Switzerland City Tours\",\"isPartOf\":{\"@id\":\"https:\\\/\\\/switzerlandcitytours.com\\\/IT\\\/#website\"},\"datePublished\":\"2023-08-25T22:21:36+00:00\",\"dateModified\":\"2025-11-24T02:42:54+00:00\",\"description\":\"Profilo \u2013 L'essenziale sul mio percorso, la mia esperienza e le recensioni dei clienti sulle mie visite guidate uniche.\",\"breadcrumb\":{\"@id\":\"https:\\\/\\\/switzerlandcitytours.com\\\/IT\\\/profilo\\\/#breadcrumb\"},\"inLanguage\":\"fr-FR\",\"potentialAction\":[{\"@type\":\"ReadAction\",\"target\":[\"https:\\\/\\\/switzerlandcitytours.com\\\/IT\\\/profilo\\\/\"]}]},{\"@type\":\"BreadcrumbList\",\"@id\":\"https:\\\/\\\/switzerlandcitytours.com\\\/IT\\\/profilo\\\/#breadcrumb\",\"itemListElement\":[{\"@type\":\"ListItem\",\"position\":1,\"name\":\"Home\",\"item\":\"https:\\\/\\\/switzerlandcitytours.com\\\/IT\\\/\"},{\"@type\":\"ListItem\",\"position\":2,\"name\":\"Profilo\"}]},{\"@type\":\"WebSite\",\"@id\":\"https:\\\/\\\/switzerlandcitytours.com\\\/IT\\\/#website\",\"url\":\"https:\\\/\\\/switzerlandcitytours.com\\\/IT\\\/\",\"name\":\"Switzerland City Tours\",\"description\":\"La Storia riportata in vita\",\"publisher\":{\"@id\":\"https:\\\/\\\/switzerlandcitytours.com\\\/IT\\\/#organization\"},\"potentialAction\":[{\"@type\":\"SearchAction\",\"target\":{\"@type\":\"EntryPoint\",\"urlTemplate\":\"https:\\\/\\\/switzerlandcitytours.com\\\/IT\\\/?s={search_term_string}\"},\"query-input\":{\"@type\":\"PropertyValueSpecification\",\"valueRequired\":true,\"valueName\":\"search_term_string\"}}],\"inLanguage\":\"fr-FR\"},{\"@type\":\"Organization\",\"@id\":\"https:\\\/\\\/switzerlandcitytours.com\\\/IT\\\/#organization\",\"name\":\"Switzerland City Tours\",\"url\":\"https:\\\/\\\/switzerlandcitytours.com\\\/IT\\\/\",\"logo\":{\"@type\":\"ImageObject\",\"inLanguage\":\"fr-FR\",\"@id\":\"https:\\\/\\\/switzerlandcitytours.com\\\/IT\\\/#\\\/schema\\\/logo\\\/image\\\/\",\"url\":\"\",\"contentUrl\":\"\",\"caption\":\"Switzerland City Tours\"},\"image\":{\"@id\":\"https:\\\/\\\/switzerlandcitytours.com\\\/IT\\\/#\\\/schema\\\/logo\\\/image\\\/\"},\"sameAs\":[\"https:\\\/\\\/www.linkedin.com\\\/feed\\\/\",\"https:\\\/\\\/www.researchgate.net\\\/profile\\\/Natacha-Piano\",\"https:\\\/\\\/independent.academia.edu\\\/NatachaPiano\"]}]}<\/script>\n<!-- \/ Yoast SEO plugin. -->","yoast_head_json":{"title":"Profilo - Switzerland City Tours","description":"Profilo \u2013 L'essenziale sul mio percorso, la mia esperienza e le recensioni dei clienti sulle mie visite guidate uniche.","robots":{"index":"index","follow":"follow","max-snippet":"max-snippet:-1","max-image-preview":"max-image-preview:large","max-video-preview":"max-video-preview:-1"},"canonical":"https:\/\/switzerlandcitytours.com\/IT\/profilo\/","og_locale":"fr_FR","og_type":"article","og_title":"Profilo - Switzerland City Tours","og_description":"Profilo \u2013 L'essenziale sul mio percorso, la mia esperienza e le recensioni dei clienti sulle mie visite guidate uniche.","og_url":"https:\/\/switzerlandcitytours.com\/IT\/profilo\/","og_site_name":"Switzerland City Tours","article_modified_time":"2025-11-24T02:42:54+00:00","twitter_card":"summary_large_image","twitter_misc":{"Dur\u00e9e de lecture estim\u00e9e":"1 minute"},"schema":{"@context":"https:\/\/schema.org","@graph":[{"@type":"WebPage","@id":"https:\/\/switzerlandcitytours.com\/IT\/profilo\/","url":"https:\/\/switzerlandcitytours.com\/IT\/profilo\/","name":"Profilo - Switzerland City Tours","isPartOf":{"@id":"https:\/\/switzerlandcitytours.com\/IT\/#website"},"datePublished":"2023-08-25T22:21:36+00:00","dateModified":"2025-11-24T02:42:54+00:00","description":"Profilo \u2013 L'essenziale sul mio percorso, la mia esperienza e le recensioni dei clienti sulle mie visite guidate uniche.","breadcrumb":{"@id":"https:\/\/switzerlandcitytours.com\/IT\/profilo\/#breadcrumb"},"inLanguage":"fr-FR","potentialAction":[{"@type":"ReadAction","target":["https:\/\/switzerlandcitytours.com\/IT\/profilo\/"]}]},{"@type":"BreadcrumbList","@id":"https:\/\/switzerlandcitytours.com\/IT\/profilo\/#breadcrumb","itemListElement":[{"@type":"ListItem","position":1,"name":"Home","item":"https:\/\/switzerlandcitytours.com\/IT\/"},{"@type":"ListItem","position":2,"name":"Profilo"}]},{"@type":"WebSite","@id":"https:\/\/switzerlandcitytours.com\/IT\/#website","url":"https:\/\/switzerlandcitytours.com\/IT\/","name":"Switzerland City Tours","description":"La Storia riportata in vita","publisher":{"@id":"https:\/\/switzerlandcitytours.com\/IT\/#organization"},"potentialAction":[{"@type":"SearchAction","target":{"@type":"EntryPoint","urlTemplate":"https:\/\/switzerlandcitytours.com\/IT\/?s={search_term_string}"},"query-input":{"@type":"PropertyValueSpecification","valueRequired":true,"valueName":"search_term_string"}}],"inLanguage":"fr-FR"},{"@type":"Organization","@id":"https:\/\/switzerlandcitytours.com\/IT\/#organization","name":"Switzerland City Tours","url":"https:\/\/switzerlandcitytours.com\/IT\/","logo":{"@type":"ImageObject","inLanguage":"fr-FR","@id":"https:\/\/switzerlandcitytours.com\/IT\/#\/schema\/logo\/image\/","url":"","contentUrl":"","caption":"Switzerland City Tours"},"image":{"@id":"https:\/\/switzerlandcitytours.com\/IT\/#\/schema\/logo\/image\/"},"sameAs":["https:\/\/www.linkedin.com\/feed\/","https:\/\/www.researchgate.net\/profile\/Natacha-Piano","https:\/\/independent.academia.edu\/NatachaPiano"]}]}},"_links":{"self":[{"href":"https:\/\/switzerlandcitytours.com\/IT\/wp-json\/wp\/v2\/pages\/10207","targetHints":{"allow":["GET"]}}],"collection":[{"href":"https:\/\/switzerlandcitytours.com\/IT\/wp-json\/wp\/v2\/pages"}],"about":[{"href":"https:\/\/switzerlandcitytours.com\/IT\/wp-json\/wp\/v2\/types\/page"}],"author":[{"embeddable":true,"href":"https:\/\/switzerlandcitytours.com\/IT\/wp-json\/wp\/v2\/users\/1"}],"replies":[{"embeddable":true,"href":"https:\/\/switzerlandcitytours.com\/IT\/wp-json\/wp\/v2\/comments?post=10207"}],"version-history":[{"count":13,"href":"https:\/\/switzerlandcitytours.com\/IT\/wp-json\/wp\/v2\/pages\/10207\/revisions"}],"predecessor-version":[{"id":12483,"href":"https:\/\/switzerlandcitytours.com\/IT\/wp-json\/wp\/v2\/pages\/10207\/revisions\/12483"}],"wp:attachment":[{"href":"https:\/\/switzerlandcitytours.com\/IT\/wp-json\/wp\/v2\/media?parent=10207"}],"curies":[{"name":"wp","href":"https:\/\/api.w.org\/{rel}","templated":true}]}}