{"id":12685,"date":"2025-11-12T20:51:39","date_gmt":"2025-11-12T20:51:39","guid":{"rendered":"https:\/\/switzerlandcitytours.com\/DE\/?post_type=product&#038;p=12685"},"modified":"2025-11-12T21:05:49","modified_gmt":"2025-11-12T21:05:49","slug":"fuehrung-chaliere-moutier-grandval-2-stunden","status":"publish","type":"product","link":"https:\/\/switzerlandcitytours.com\/DE\/produit\/fuehrung-chaliere-moutier-grandval-2-stunden\/","title":{"rendered":"F\u00fchrung Chali\u00e8re, Moutier-Grandval &#8211; 2 Stunden"},"content":{"rendered":"<h4><span class=\"fade-in\">VERBORGENER SCHATZ VON JURA <\/span><\/h4>\n<p>Moutier-Grandval: Rundgang durch die Altstadt und die mittelalterliche Kirche\u00a0 &#8211; 160 CHF<\/p>\n<p><strong data-start=\"598\" data-end=\"621\">Zahlung per QR-Code<\/strong><br data-start=\"621\" data-end=\"624\" \/>Bitte scannen Sie den untenstehenden QR-Code mit Ihrer Banking-App und geben Sie den Betrag der Tour ein.<\/p>\n<p><img loading=\"lazy\" decoding=\"async\" class=\"alignnone size-square wp-image-12639\" src=\"https:\/\/switzerlandcitytours.com\/DE\/wp-content\/uploads\/2025\/11\/qr-code-banque-cler-180x180.jpg\" alt=\"\" width=\"180\" height=\"180\" srcset=\"https:\/\/switzerlandcitytours.com\/DE\/wp-content\/uploads\/2025\/11\/qr-code-banque-cler-180x180.jpg 180w, https:\/\/switzerlandcitytours.com\/DE\/wp-content\/uploads\/2025\/11\/qr-code-banque-cler-80x80.jpg 80w, https:\/\/switzerlandcitytours.com\/DE\/wp-content\/uploads\/2025\/11\/qr-code-banque-cler-36x36.jpg 36w, https:\/\/switzerlandcitytours.com\/DE\/wp-content\/uploads\/2025\/11\/qr-code-banque-cler-120x120.jpg 120w, https:\/\/switzerlandcitytours.com\/DE\/wp-content\/uploads\/2025\/11\/qr-code-banque-cler-100x100.jpg 100w, https:\/\/switzerlandcitytours.com\/DE\/wp-content\/uploads\/2025\/11\/qr-code-banque-cler.jpg 240w\" sizes=\"auto, (max-width: 180px) 100vw, 180px\" \/><\/p>\n<p data-start=\"598\" data-end=\"807\"><strong>Alternativ k\u00f6nnen Sie die \u00dcberweisung direkt auf folgendes Konto t\u00e4tigen:<\/strong><\/p>\n<p data-start=\"811\" data-end=\"849\"><strong data-start=\"811\" data-end=\"820\">IBAN:<\/strong> CH59 0844 0260 6222 5200 1<br \/>\n<strong data-start=\"852\" data-end=\"866\">BIC\/Swift:<\/strong> BCLRCHBB<br \/>\n<strong data-start=\"880\" data-end=\"896\">Kontonummer:<\/strong> 2606.2225.2001 CHF<br \/>\n<strong data-start=\"920\" data-end=\"929\">Bank:<\/strong> Banque Cler<br \/>\n<strong data-start=\"946\" data-end=\"963\">Kontoinhaber:<\/strong> Natacha Piano \u2013 2505 Biel\/Bienne<br \/>\n<strong data-start=\"1001\" data-end=\"1013\">Website:<\/strong> <a class=\"decorated-link\" href=\"https:\/\/switzerlandcitytours.com\" target=\"_new\" rel=\"noopener\" data-start=\"1014\" data-end=\"1046\">https:\/\/switzerlandcitytours.com<\/a><\/p>\n<p>Bitte geben Sie den Namen Ihrer Tour als Zahlungsreferenz an.<br data-start=\"1111\" data-end=\"1114\" \/>Ihre Bestellung wird best\u00e4tigt, sobald die Zahlung eingegangen ist.<\/p>\n","protected":false},"excerpt":{"rendered":"<p>VERBORGENER SCHATZ VON JURA Moutier-Grandval: Rundgang durch die Altstadt und die mittelalterliche Kirche\u00a0 &#8211; 160 CHF Zahlung per QR-CodeBitte scannen Sie den untenstehenden QR-Code mit Ihrer Banking-App und geben Sie den Betrag der Tour ein. Alternativ k\u00f6nnen Sie die \u00dcberweisung direkt auf folgendes Konto t\u00e4tigen: IBAN: CH59 0844 0260 6222 5200 1 BIC\/Swift: BCLRCHBB Kontonummer: [&hellip;]<\/p>\n","protected":false},"featured_media":12568,"comment_status":"open","ping_status":"closed","template":"","meta":[],"product_brand":[],"product_cat":[61],"product_tag":[],"class_list":{"0":"post-12685","1":"product","2":"type-product","3":"status-publish","4":"has-post-thumbnail","6":"product_cat-jura-seeland","8":"first","9":"instock","10":"shipping-taxable","11":"purchasable","12":"product-type-simple"},"yoast_head":"<!-- This site is optimized with the Yoast SEO plugin v27.4 - https:\/\/yoast.com\/product\/yoast-seo-wordpress\/ -->\n<title>F\u00fchrung Chali\u00e8re, Moutier-Grandval - 2 Stunden - Switzerland City Tours<\/title>\n<meta name=\"description\" content=\"Buchen Sie die F\u00fchrung Chali\u00e8re, Moutier-Grandval mit einer Arch\u00e4ologin und Kunsthistorikerin spezialisiert in der romanischen Wandmalerei.\" \/>\n<meta name=\"robots\" content=\"index, follow, max-snippet:-1, max-image-preview:large, max-video-preview:-1\" \/>\n<link rel=\"canonical\" href=\"https:\/\/switzerlandcitytours.com\/DE\/produit\/fuehrung-chaliere-moutier-grandval-2-stunden\/\" \/>\n<meta property=\"og:locale\" content=\"fr_FR\" \/>\n<meta property=\"og:type\" content=\"article\" \/>\n<meta property=\"og:title\" content=\"F\u00fchrung Chali\u00e8re, Moutier-Grandval - 2 Stunden - Switzerland City Tours\" \/>\n<meta property=\"og:description\" content=\"Buchen Sie die F\u00fchrung Chali\u00e8re, Moutier-Grandval mit einer Arch\u00e4ologin und Kunsthistorikerin spezialisiert in der romanischen Wandmalerei.\" \/>\n<meta property=\"og:url\" content=\"https:\/\/switzerlandcitytours.com\/DE\/produit\/fuehrung-chaliere-moutier-grandval-2-stunden\/\" \/>\n<meta property=\"og:site_name\" content=\"Switzerland City Tours\" \/>\n<meta property=\"article:modified_time\" content=\"2025-11-12T21:05:49+00:00\" \/>\n<meta property=\"og:image\" content=\"https:\/\/switzerlandcitytours.com\/DE\/wp-content\/uploads\/2025\/10\/fuehrung-chaliere-moutier-grandval-architektur.webp\" \/>\n\t<meta property=\"og:image:width\" content=\"1920\" \/>\n\t<meta property=\"og:image:height\" content=\"1080\" \/>\n\t<meta property=\"og:image:type\" content=\"image\/webp\" \/>\n<meta name=\"twitter:card\" content=\"summary_large_image\" \/>\n<script type=\"application\/ld+json\" class=\"yoast-schema-graph\">{\"@context\":\"https:\\\/\\\/schema.org\",\"@graph\":[{\"@type\":\"WebPage\",\"@id\":\"https:\\\/\\\/switzerlandcitytours.com\\\/DE\\\/produit\\\/fuehrung-chaliere-moutier-grandval-2-stunden\\\/\",\"url\":\"https:\\\/\\\/switzerlandcitytours.com\\\/DE\\\/produit\\\/fuehrung-chaliere-moutier-grandval-2-stunden\\\/\",\"name\":\"F\u00fchrung Chali\u00e8re, Moutier-Grandval - 2 Stunden - Switzerland City Tours\",\"isPartOf\":{\"@id\":\"https:\\\/\\\/switzerlandcitytours.com\\\/DE\\\/#website\"},\"primaryImageOfPage\":{\"@id\":\"https:\\\/\\\/switzerlandcitytours.com\\\/DE\\\/produit\\\/fuehrung-chaliere-moutier-grandval-2-stunden\\\/#primaryimage\"},\"image\":{\"@id\":\"https:\\\/\\\/switzerlandcitytours.com\\\/DE\\\/produit\\\/fuehrung-chaliere-moutier-grandval-2-stunden\\\/#primaryimage\"},\"thumbnailUrl\":\"https:\\\/\\\/switzerlandcitytours.com\\\/DE\\\/wp-content\\\/uploads\\\/2025\\\/10\\\/fuehrung-chaliere-moutier-grandval-architektur.webp\",\"datePublished\":\"2025-11-12T20:51:39+00:00\",\"dateModified\":\"2025-11-12T21:05:49+00:00\",\"description\":\"Buchen Sie die F\u00fchrung Chali\u00e8re, Moutier-Grandval mit einer Arch\u00e4ologin und Kunsthistorikerin spezialisiert in der romanischen Wandmalerei.\",\"breadcrumb\":{\"@id\":\"https:\\\/\\\/switzerlandcitytours.com\\\/DE\\\/produit\\\/fuehrung-chaliere-moutier-grandval-2-stunden\\\/#breadcrumb\"},\"inLanguage\":\"fr-FR\",\"potentialAction\":[{\"@type\":\"ReadAction\",\"target\":[\"https:\\\/\\\/switzerlandcitytours.com\\\/DE\\\/produit\\\/fuehrung-chaliere-moutier-grandval-2-stunden\\\/\"]}]},{\"@type\":\"ImageObject\",\"inLanguage\":\"fr-FR\",\"@id\":\"https:\\\/\\\/switzerlandcitytours.com\\\/DE\\\/produit\\\/fuehrung-chaliere-moutier-grandval-2-stunden\\\/#primaryimage\",\"url\":\"https:\\\/\\\/switzerlandcitytours.com\\\/DE\\\/wp-content\\\/uploads\\\/2025\\\/10\\\/fuehrung-chaliere-moutier-grandval-architektur.webp\",\"contentUrl\":\"https:\\\/\\\/switzerlandcitytours.com\\\/DE\\\/wp-content\\\/uploads\\\/2025\\\/10\\\/fuehrung-chaliere-moutier-grandval-architektur.webp\",\"width\":1920,\"height\":1080,\"caption\":\"Einzigartige ottonische Architektur entdecken mit der fuehrung-chaliere-moutier-grandval - \u00a9 Natacha Piano\"},{\"@type\":\"BreadcrumbList\",\"@id\":\"https:\\\/\\\/switzerlandcitytours.com\\\/DE\\\/produit\\\/fuehrung-chaliere-moutier-grandval-2-stunden\\\/#breadcrumb\",\"itemListElement\":[{\"@type\":\"ListItem\",\"position\":1,\"name\":\"Accueil\",\"item\":\"https:\\\/\\\/switzerlandcitytours.com\\\/DE\\\/\"},{\"@type\":\"ListItem\",\"position\":2,\"name\":\"Produits\",\"item\":\"https:\\\/\\\/switzerlandcitytours.com\\\/DE\\\/shop\\\/\"},{\"@type\":\"ListItem\",\"position\":3,\"name\":\"F\u00fchrung Chali\u00e8re, Moutier-Grandval &#8211; 2 Stunden\"}]},{\"@type\":\"WebSite\",\"@id\":\"https:\\\/\\\/switzerlandcitytours.com\\\/DE\\\/#website\",\"url\":\"https:\\\/\\\/switzerlandcitytours.com\\\/DE\\\/\",\"name\":\"Switzerland City Tours\",\"description\":\"Archaeological Adventures\",\"publisher\":{\"@id\":\"https:\\\/\\\/switzerlandcitytours.com\\\/DE\\\/#organization\"},\"potentialAction\":[{\"@type\":\"SearchAction\",\"target\":{\"@type\":\"EntryPoint\",\"urlTemplate\":\"https:\\\/\\\/switzerlandcitytours.com\\\/DE\\\/?s={search_term_string}\"},\"query-input\":{\"@type\":\"PropertyValueSpecification\",\"valueRequired\":true,\"valueName\":\"search_term_string\"}}],\"inLanguage\":\"fr-FR\"},{\"@type\":\"Organization\",\"@id\":\"https:\\\/\\\/switzerlandcitytours.com\\\/DE\\\/#organization\",\"name\":\"Switzerland City Tours\",\"url\":\"https:\\\/\\\/switzerlandcitytours.com\\\/DE\\\/\",\"logo\":{\"@type\":\"ImageObject\",\"inLanguage\":\"fr-FR\",\"@id\":\"https:\\\/\\\/switzerlandcitytours.com\\\/DE\\\/#\\\/schema\\\/logo\\\/image\\\/\",\"url\":\"https:\\\/\\\/switzerlandcitytours.com\\\/DE\\\/wp-content\\\/uploads\\\/2022\\\/05\\\/Logo-png-1500-616.png\",\"contentUrl\":\"https:\\\/\\\/switzerlandcitytours.com\\\/DE\\\/wp-content\\\/uploads\\\/2022\\\/05\\\/Logo-png-1500-616.png\",\"width\":1500,\"height\":616,\"caption\":\"Switzerland City Tours\"},\"image\":{\"@id\":\"https:\\\/\\\/switzerlandcitytours.com\\\/DE\\\/#\\\/schema\\\/logo\\\/image\\\/\"},\"sameAs\":[\"https:\\\/\\\/www.linkedin.com\\\/feed\\\/\",\"https:\\\/\\\/www.researchgate.net\\\/profile\\\/Natacha-Piano\",\"https:\\\/\\\/independent.academia.edu\\\/NatachaPiano\"]}]}<\/script>\n<!-- \/ Yoast SEO plugin. -->","yoast_head_json":{"title":"F\u00fchrung Chali\u00e8re, Moutier-Grandval - 2 Stunden - Switzerland City Tours","description":"Buchen Sie die F\u00fchrung Chali\u00e8re, Moutier-Grandval mit einer Arch\u00e4ologin und Kunsthistorikerin spezialisiert in der romanischen Wandmalerei.","robots":{"index":"index","follow":"follow","max-snippet":"max-snippet:-1","max-image-preview":"max-image-preview:large","max-video-preview":"max-video-preview:-1"},"canonical":"https:\/\/switzerlandcitytours.com\/DE\/produit\/fuehrung-chaliere-moutier-grandval-2-stunden\/","og_locale":"fr_FR","og_type":"article","og_title":"F\u00fchrung Chali\u00e8re, Moutier-Grandval - 2 Stunden - Switzerland City Tours","og_description":"Buchen Sie die F\u00fchrung Chali\u00e8re, Moutier-Grandval mit einer Arch\u00e4ologin und Kunsthistorikerin spezialisiert in der romanischen Wandmalerei.","og_url":"https:\/\/switzerlandcitytours.com\/DE\/produit\/fuehrung-chaliere-moutier-grandval-2-stunden\/","og_site_name":"Switzerland City Tours","article_modified_time":"2025-11-12T21:05:49+00:00","og_image":[{"width":1920,"height":1080,"url":"https:\/\/switzerlandcitytours.com\/DE\/wp-content\/uploads\/2025\/10\/fuehrung-chaliere-moutier-grandval-architektur.webp","type":"image\/webp"}],"twitter_card":"summary_large_image","schema":{"@context":"https:\/\/schema.org","@graph":[{"@type":"WebPage","@id":"https:\/\/switzerlandcitytours.com\/DE\/produit\/fuehrung-chaliere-moutier-grandval-2-stunden\/","url":"https:\/\/switzerlandcitytours.com\/DE\/produit\/fuehrung-chaliere-moutier-grandval-2-stunden\/","name":"F\u00fchrung Chali\u00e8re, Moutier-Grandval - 2 Stunden - Switzerland City Tours","isPartOf":{"@id":"https:\/\/switzerlandcitytours.com\/DE\/#website"},"primaryImageOfPage":{"@id":"https:\/\/switzerlandcitytours.com\/DE\/produit\/fuehrung-chaliere-moutier-grandval-2-stunden\/#primaryimage"},"image":{"@id":"https:\/\/switzerlandcitytours.com\/DE\/produit\/fuehrung-chaliere-moutier-grandval-2-stunden\/#primaryimage"},"thumbnailUrl":"https:\/\/switzerlandcitytours.com\/DE\/wp-content\/uploads\/2025\/10\/fuehrung-chaliere-moutier-grandval-architektur.webp","datePublished":"2025-11-12T20:51:39+00:00","dateModified":"2025-11-12T21:05:49+00:00","description":"Buchen Sie die F\u00fchrung Chali\u00e8re, Moutier-Grandval mit einer Arch\u00e4ologin und Kunsthistorikerin spezialisiert in der romanischen Wandmalerei.","breadcrumb":{"@id":"https:\/\/switzerlandcitytours.com\/DE\/produit\/fuehrung-chaliere-moutier-grandval-2-stunden\/#breadcrumb"},"inLanguage":"fr-FR","potentialAction":[{"@type":"ReadAction","target":["https:\/\/switzerlandcitytours.com\/DE\/produit\/fuehrung-chaliere-moutier-grandval-2-stunden\/"]}]},{"@type":"ImageObject","inLanguage":"fr-FR","@id":"https:\/\/switzerlandcitytours.com\/DE\/produit\/fuehrung-chaliere-moutier-grandval-2-stunden\/#primaryimage","url":"https:\/\/switzerlandcitytours.com\/DE\/wp-content\/uploads\/2025\/10\/fuehrung-chaliere-moutier-grandval-architektur.webp","contentUrl":"https:\/\/switzerlandcitytours.com\/DE\/wp-content\/uploads\/2025\/10\/fuehrung-chaliere-moutier-grandval-architektur.webp","width":1920,"height":1080,"caption":"Einzigartige ottonische Architektur entdecken mit der fuehrung-chaliere-moutier-grandval - \u00a9 Natacha Piano"},{"@type":"BreadcrumbList","@id":"https:\/\/switzerlandcitytours.com\/DE\/produit\/fuehrung-chaliere-moutier-grandval-2-stunden\/#breadcrumb","itemListElement":[{"@type":"ListItem","position":1,"name":"Accueil","item":"https:\/\/switzerlandcitytours.com\/DE\/"},{"@type":"ListItem","position":2,"name":"Produits","item":"https:\/\/switzerlandcitytours.com\/DE\/shop\/"},{"@type":"ListItem","position":3,"name":"F\u00fchrung Chali\u00e8re, Moutier-Grandval &#8211; 2 Stunden"}]},{"@type":"WebSite","@id":"https:\/\/switzerlandcitytours.com\/DE\/#website","url":"https:\/\/switzerlandcitytours.com\/DE\/","name":"Switzerland City Tours","description":"Archaeological Adventures","publisher":{"@id":"https:\/\/switzerlandcitytours.com\/DE\/#organization"},"potentialAction":[{"@type":"SearchAction","target":{"@type":"EntryPoint","urlTemplate":"https:\/\/switzerlandcitytours.com\/DE\/?s={search_term_string}"},"query-input":{"@type":"PropertyValueSpecification","valueRequired":true,"valueName":"search_term_string"}}],"inLanguage":"fr-FR"},{"@type":"Organization","@id":"https:\/\/switzerlandcitytours.com\/DE\/#organization","name":"Switzerland City Tours","url":"https:\/\/switzerlandcitytours.com\/DE\/","logo":{"@type":"ImageObject","inLanguage":"fr-FR","@id":"https:\/\/switzerlandcitytours.com\/DE\/#\/schema\/logo\/image\/","url":"https:\/\/switzerlandcitytours.com\/DE\/wp-content\/uploads\/2022\/05\/Logo-png-1500-616.png","contentUrl":"https:\/\/switzerlandcitytours.com\/DE\/wp-content\/uploads\/2022\/05\/Logo-png-1500-616.png","width":1500,"height":616,"caption":"Switzerland City Tours"},"image":{"@id":"https:\/\/switzerlandcitytours.com\/DE\/#\/schema\/logo\/image\/"},"sameAs":["https:\/\/www.linkedin.com\/feed\/","https:\/\/www.researchgate.net\/profile\/Natacha-Piano","https:\/\/independent.academia.edu\/NatachaPiano"]}]}},"_links":{"self":[{"href":"https:\/\/switzerlandcitytours.com\/DE\/wp-json\/wp\/v2\/product\/12685","targetHints":{"allow":["GET"]}}],"collection":[{"href":"https:\/\/switzerlandcitytours.com\/DE\/wp-json\/wp\/v2\/product"}],"about":[{"href":"https:\/\/switzerlandcitytours.com\/DE\/wp-json\/wp\/v2\/types\/product"}],"replies":[{"embeddable":true,"href":"https:\/\/switzerlandcitytours.com\/DE\/wp-json\/wp\/v2\/comments?post=12685"}],"wp:featuredmedia":[{"embeddable":true,"href":"https:\/\/switzerlandcitytours.com\/DE\/wp-json\/wp\/v2\/media\/12568"}],"wp:attachment":[{"href":"https:\/\/switzerlandcitytours.com\/DE\/wp-json\/wp\/v2\/media?parent=12685"}],"wp:term":[{"taxonomy":"product_brand","embeddable":true,"href":"https:\/\/switzerlandcitytours.com\/DE\/wp-json\/wp\/v2\/product_brand?post=12685"},{"taxonomy":"product_cat","embeddable":true,"href":"https:\/\/switzerlandcitytours.com\/DE\/wp-json\/wp\/v2\/product_cat?post=12685"},{"taxonomy":"product_tag","embeddable":true,"href":"https:\/\/switzerlandcitytours.com\/DE\/wp-json\/wp\/v2\/product_tag?post=12685"}],"curies":[{"name":"wp","href":"https:\/\/api.w.org\/{rel}","templated":true}]}}