{"id":10207,"date":"2023-08-25T22:21:36","date_gmt":"2023-08-25T22:21:36","guid":{"rendered":"https:\/\/switzerlandcitytours.com\/DE\/?page_id=10207"},"modified":"2025-11-24T01:57:10","modified_gmt":"2025-11-24T01:57:10","slug":"portraet","status":"publish","type":"page","link":"https:\/\/switzerlandcitytours.com\/DE\/portraet\/","title":{"rendered":"Portr\u00e4t"},"content":{"rendered":"\n<style type=\"text\/css\" data-created_by=\"avia_inline_auto\" id=\"style-css-av-mi5x56nx-0eb63649aeb5ecae1fe5d43f76e3f99b\">\n#top .hr.hr-invisible.av-mi5x56nx-0eb63649aeb5ecae1fe5d43f76e3f99b{\nheight:70px;\n}\n<\/style>\n<div  class='hr av-mi5x56nx-0eb63649aeb5ecae1fe5d43f76e3f99b hr-invisible  avia-builder-el-0  el_before_av_one_half  avia-builder-el-first  av-desktop-hide av-medium-hide'><span class='hr-inner '><span class=\"hr-inner-style\"><\/span><\/span><\/div>\n<div class='flex_column_table av-15anlen-8d1407c8561844a6812b45f6431ba659 sc-av_one_half av-equal-height-column-flextable'>\n<style type=\"text\/css\" data-created_by=\"avia_inline_auto\" id=\"style-css-av-15anlen-8d1407c8561844a6812b45f6431ba659\">\n#top .flex_column_table.av-equal-height-column-flextable.av-15anlen-8d1407c8561844a6812b45f6431ba659{\nmargin-top:20px;\nmargin-bottom:20px;\n}\n.flex_column.av-15anlen-8d1407c8561844a6812b45f6431ba659{\nborder-radius:0px 0px 0px 0px;\npadding:40px 40px 40px 40px;\nbackground-color:#ffffff;\n}\n<\/style>\n<div  class='flex_column av-15anlen-8d1407c8561844a6812b45f6431ba659 av_one_half  avia-builder-el-1  el_after_av_hr  el_before_av_one_half  first flex_column_table_cell av-equal-height-column av-align-middle av-animated-generic fade-in  '     ><style type=\"text\/css\" data-created_by=\"avia_inline_auto\" id=\"style-css-av-llw7dlxt-1bf413a6f6320b0772c0913f419c3bc9\">\n#top .avia-icon-list-container.av-llw7dlxt-1bf413a6f6320b0772c0913f419c3bc9 .iconlist_icon{\nbackground-color:#b02b2c;\n}\n#top #wrap_all .avia-icon-list-container.av-llw7dlxt-1bf413a6f6320b0772c0913f419c3bc9 .av_iconlist_title{\nfont-size:19px;\n}\n.avia-icon-list-container.av-llw7dlxt-1bf413a6f6320b0772c0913f419c3bc9 .iconlist_content{\nfont-size:18px;\n}\n\n@media only screen and (min-width: 480px) and (max-width: 767px){ \n#top #wrap_all .avia-icon-list-container.av-llw7dlxt-1bf413a6f6320b0772c0913f419c3bc9 .av_iconlist_title{\nfont-size:19px;\n}\n.avia-icon-list-container.av-llw7dlxt-1bf413a6f6320b0772c0913f419c3bc9 .iconlist_content{\nfont-size:17px;\n}\n}\n\n@media only screen and (max-width: 479px){ \n#top #wrap_all .avia-icon-list-container.av-llw7dlxt-1bf413a6f6320b0772c0913f419c3bc9 .av_iconlist_title{\nfont-size:16px;\n}\n.avia-icon-list-container.av-llw7dlxt-1bf413a6f6320b0772c0913f419c3bc9 .iconlist_content{\nfont-size:16px;\n}\n}\n<\/style>\n<div  class='avia-icon-list-container av-llw7dlxt-1bf413a6f6320b0772c0913f419c3bc9  avia-builder-el-2  avia-builder-el-no-sibling '><ul class='avia-icon-list avia_animate_when_almost_visible avia-icon-list-right av-iconlist-big av-llw7dlxt-1bf413a6f6320b0772c0913f419c3bc9 avia-iconlist-animate'>\n<li><a href='https:\/\/switzerlandcitytours.com\/DE\/portraet\/ueber-mich\/' title='Die Stadtf\u00fchrerin entdecken'  aria-label='Die Stadtf\u00fchrerin entdecken' class='iconlist_icon av-llw7djjr-ea49a218c19d8d02e14e51a327487102 avia-font-entypo-fontello avia-iconfont avia-font-entypo-fontello'><span class='av-icon-char' data-av_icon='\ue889' data-av_iconfont='entypo-fontello' aria-hidden=\"true\"><\/span><\/a><article class=\"article-icon-entry \"  itemscope=\"itemscope\" itemtype=\"https:\/\/schema.org\/CreativeWork\" ><div class=\"iconlist_content_wrap\"><header class=\"entry-content-header\" aria-label=\"Ic\u00f4ne : Die Stadtf\u00fchrerin entdecken\"><h5 class='av_iconlist_title iconlist_title  '  itemprop=\"headline\" >Die Stadtf\u00fchrerin entdecken<\/h5><\/header><div class='iconlist_content '  itemprop=\"text\" ><p>Alle Stadtf\u00fchrungen werden vollst\u00e4ndig in f\u00fcnf Sprachen erstellt und gef\u00fchrt von einer erfahrenen Stadtf\u00fchrerin, sowie Arch\u00e4ologin und Kunsthistorikerin.<\/p>\n<\/div><\/div><footer class=\"entry-footer\"><\/footer><\/article><div class=\"iconlist-timeline\"><\/div><\/li>\n<\/ul><\/div><\/div><div class='av-flex-placeholder'><\/div>\n<style type=\"text\/css\" data-created_by=\"avia_inline_auto\" id=\"style-css-av-oasf0f-a2693de04c19bb0a2d9aa3a33d491474\">\n#top .flex_column_table.av-equal-height-column-flextable.av-oasf0f-a2693de04c19bb0a2d9aa3a33d491474{\nmargin-top:20px;\nmargin-bottom:20px;\n}\n.flex_column.av-oasf0f-a2693de04c19bb0a2d9aa3a33d491474{\nborder-radius:0px 0px 0px 0px;\npadding:40px 40px 40px 40px;\nbackground-color:#ffffff;\n}\n<\/style>\n<div  class='flex_column av-oasf0f-a2693de04c19bb0a2d9aa3a33d491474 av_one_half  avia-builder-el-3  el_after_av_one_half  avia-builder-el-last  flex_column_table_cell av-equal-height-column av-align-middle av-animated-generic fade-in  '     ><style type=\"text\/css\" data-created_by=\"avia_inline_auto\" id=\"style-css-av-llw7cntl-4000a26525fa68de5605986eac83d8c3\">\n#top .avia-icon-list-container.av-llw7cntl-4000a26525fa68de5605986eac83d8c3 .iconlist_icon{\nbackground-color:#b02b2c;\n}\n#top #wrap_all .avia-icon-list-container.av-llw7cntl-4000a26525fa68de5605986eac83d8c3 .av_iconlist_title{\nfont-size:19px;\n}\n.avia-icon-list-container.av-llw7cntl-4000a26525fa68de5605986eac83d8c3 .iconlist_content{\nfont-size:18px;\n}\n\n@media only screen and (min-width: 480px) and (max-width: 767px){ \n#top #wrap_all .avia-icon-list-container.av-llw7cntl-4000a26525fa68de5605986eac83d8c3 .av_iconlist_title{\nfont-size:19px;\n}\n.avia-icon-list-container.av-llw7cntl-4000a26525fa68de5605986eac83d8c3 .iconlist_content{\nfont-size:17px;\n}\n}\n\n@media only screen and (max-width: 479px){ \n#top #wrap_all .avia-icon-list-container.av-llw7cntl-4000a26525fa68de5605986eac83d8c3 .av_iconlist_title{\nfont-size:16px;\n}\n.avia-icon-list-container.av-llw7cntl-4000a26525fa68de5605986eac83d8c3 .iconlist_content{\nfont-size:16px;\n}\n}\n<\/style>\n<div  class='avia-icon-list-container av-llw7cntl-4000a26525fa68de5605986eac83d8c3  avia-builder-el-4  avia-builder-el-no-sibling '><ul class='avia-icon-list avia_animate_when_almost_visible avia-icon-list-right av-iconlist-big av-llw7cntl-4000a26525fa68de5605986eac83d8c3 avia-iconlist-animate'>\n<li><a href='https:\/\/switzerlandcitytours.com\/DE\/portraet\/bewertungen\/' title='Bewertungen'  aria-label='Bewertungen' class='iconlist_icon av-llw7cgq9-23146c44823cde22fcfaa33f4bd1f68e avia-font-entypo-fontello avia-iconfont avia-font-entypo-fontello'><span class='av-icon-char' data-av_icon='\ue889' data-av_iconfont='entypo-fontello' aria-hidden=\"true\"><\/span><\/a><article class=\"article-icon-entry \"  itemscope=\"itemscope\" itemtype=\"https:\/\/schema.org\/CreativeWork\" ><div class=\"iconlist_content_wrap\"><header class=\"entry-content-header\" aria-label=\"Ic\u00f4ne : Bewertungen\"><h5 class='av_iconlist_title iconlist_title  '  itemprop=\"headline\" >Bewertungen<\/h5><\/header><div class='iconlist_content '  itemprop=\"text\" ><p>Entdecken Sie <span class=\"text\">woran man sich nach unserer F\u00fchrungen erinnert.<\/span><\/p>\n<\/div><\/div><footer class=\"entry-footer\"><\/footer><\/article><div class=\"iconlist-timeline\"><\/div><\/li>\n<\/ul><\/div><\/div><\/div><!--close column table wrapper. Autoclose: 1 --><\/p>\n","protected":false},"excerpt":{"rendered":"","protected":false},"author":1,"featured_media":0,"parent":0,"menu_order":0,"comment_status":"closed","ping_status":"closed","template":"","meta":{"footnotes":""},"class_list":["post-10207","page","type-page","status-publish","hentry"],"yoast_head":"<!-- This site is optimized with the Yoast SEO plugin v27.4 - https:\/\/yoast.com\/product\/yoast-seo-wordpress\/ -->\n<title>Portr\u00e4t - Switzerland City Tours<\/title>\n<meta name=\"description\" content=\"Portr\u00e4t und Bewertungen zeigen meine Erfahrung, Leidenschaft und die R\u00fcckmeldungen zufriedener G\u00e4ste aus der ganzen Schweiz.\" \/>\n<meta name=\"robots\" content=\"index, follow, max-snippet:-1, max-image-preview:large, max-video-preview:-1\" \/>\n<link rel=\"canonical\" href=\"https:\/\/switzerlandcitytours.com\/DE\/portraet\/\" \/>\n<meta property=\"og:locale\" content=\"fr_FR\" \/>\n<meta property=\"og:type\" content=\"article\" \/>\n<meta property=\"og:title\" content=\"Portr\u00e4t - Switzerland City Tours\" \/>\n<meta property=\"og:description\" content=\"Portr\u00e4t und Bewertungen zeigen meine Erfahrung, Leidenschaft und die R\u00fcckmeldungen zufriedener G\u00e4ste aus der ganzen Schweiz.\" \/>\n<meta property=\"og:url\" content=\"https:\/\/switzerlandcitytours.com\/DE\/portraet\/\" \/>\n<meta property=\"og:site_name\" content=\"Switzerland City Tours\" \/>\n<meta property=\"article:modified_time\" content=\"2025-11-24T01:57:10+00:00\" \/>\n<meta name=\"twitter:card\" content=\"summary_large_image\" \/>\n<meta name=\"twitter:label1\" content=\"Dur\u00e9e de lecture estim\u00e9e\" \/>\n\t<meta name=\"twitter:data1\" content=\"1 minute\" \/>\n<script type=\"application\/ld+json\" class=\"yoast-schema-graph\">{\"@context\":\"https:\\\/\\\/schema.org\",\"@graph\":[{\"@type\":\"WebPage\",\"@id\":\"https:\\\/\\\/switzerlandcitytours.com\\\/DE\\\/portraet\\\/\",\"url\":\"https:\\\/\\\/switzerlandcitytours.com\\\/DE\\\/portraet\\\/\",\"name\":\"Portr\u00e4t - Switzerland City Tours\",\"isPartOf\":{\"@id\":\"https:\\\/\\\/switzerlandcitytours.com\\\/DE\\\/#website\"},\"datePublished\":\"2023-08-25T22:21:36+00:00\",\"dateModified\":\"2025-11-24T01:57:10+00:00\",\"description\":\"Portr\u00e4t und Bewertungen zeigen meine Erfahrung, Leidenschaft und die R\u00fcckmeldungen zufriedener G\u00e4ste aus der ganzen Schweiz.\",\"breadcrumb\":{\"@id\":\"https:\\\/\\\/switzerlandcitytours.com\\\/DE\\\/portraet\\\/#breadcrumb\"},\"inLanguage\":\"fr-FR\",\"potentialAction\":[{\"@type\":\"ReadAction\",\"target\":[\"https:\\\/\\\/switzerlandcitytours.com\\\/DE\\\/portraet\\\/\"]}]},{\"@type\":\"BreadcrumbList\",\"@id\":\"https:\\\/\\\/switzerlandcitytours.com\\\/DE\\\/portraet\\\/#breadcrumb\",\"itemListElement\":[{\"@type\":\"ListItem\",\"position\":1,\"name\":\"Accueil\",\"item\":\"https:\\\/\\\/switzerlandcitytours.com\\\/DE\\\/\"},{\"@type\":\"ListItem\",\"position\":2,\"name\":\"Portr\u00e4t\"}]},{\"@type\":\"WebSite\",\"@id\":\"https:\\\/\\\/switzerlandcitytours.com\\\/DE\\\/#website\",\"url\":\"https:\\\/\\\/switzerlandcitytours.com\\\/DE\\\/\",\"name\":\"Switzerland City Tours\",\"description\":\"Archaeological Adventures\",\"publisher\":{\"@id\":\"https:\\\/\\\/switzerlandcitytours.com\\\/DE\\\/#organization\"},\"potentialAction\":[{\"@type\":\"SearchAction\",\"target\":{\"@type\":\"EntryPoint\",\"urlTemplate\":\"https:\\\/\\\/switzerlandcitytours.com\\\/DE\\\/?s={search_term_string}\"},\"query-input\":{\"@type\":\"PropertyValueSpecification\",\"valueRequired\":true,\"valueName\":\"search_term_string\"}}],\"inLanguage\":\"fr-FR\"},{\"@type\":\"Organization\",\"@id\":\"https:\\\/\\\/switzerlandcitytours.com\\\/DE\\\/#organization\",\"name\":\"Switzerland City Tours\",\"url\":\"https:\\\/\\\/switzerlandcitytours.com\\\/DE\\\/\",\"logo\":{\"@type\":\"ImageObject\",\"inLanguage\":\"fr-FR\",\"@id\":\"https:\\\/\\\/switzerlandcitytours.com\\\/DE\\\/#\\\/schema\\\/logo\\\/image\\\/\",\"url\":\"https:\\\/\\\/switzerlandcitytours.com\\\/DE\\\/wp-content\\\/uploads\\\/2022\\\/05\\\/Logo-png-1500-616.png\",\"contentUrl\":\"https:\\\/\\\/switzerlandcitytours.com\\\/DE\\\/wp-content\\\/uploads\\\/2022\\\/05\\\/Logo-png-1500-616.png\",\"width\":1500,\"height\":616,\"caption\":\"Switzerland City Tours\"},\"image\":{\"@id\":\"https:\\\/\\\/switzerlandcitytours.com\\\/DE\\\/#\\\/schema\\\/logo\\\/image\\\/\"},\"sameAs\":[\"https:\\\/\\\/www.linkedin.com\\\/feed\\\/\",\"https:\\\/\\\/www.researchgate.net\\\/profile\\\/Natacha-Piano\",\"https:\\\/\\\/independent.academia.edu\\\/NatachaPiano\"]}]}<\/script>\n<!-- \/ Yoast SEO plugin. -->","yoast_head_json":{"title":"Portr\u00e4t - Switzerland City Tours","description":"Portr\u00e4t und Bewertungen zeigen meine Erfahrung, Leidenschaft und die R\u00fcckmeldungen zufriedener G\u00e4ste aus der ganzen Schweiz.","robots":{"index":"index","follow":"follow","max-snippet":"max-snippet:-1","max-image-preview":"max-image-preview:large","max-video-preview":"max-video-preview:-1"},"canonical":"https:\/\/switzerlandcitytours.com\/DE\/portraet\/","og_locale":"fr_FR","og_type":"article","og_title":"Portr\u00e4t - Switzerland City Tours","og_description":"Portr\u00e4t und Bewertungen zeigen meine Erfahrung, Leidenschaft und die R\u00fcckmeldungen zufriedener G\u00e4ste aus der ganzen Schweiz.","og_url":"https:\/\/switzerlandcitytours.com\/DE\/portraet\/","og_site_name":"Switzerland City Tours","article_modified_time":"2025-11-24T01:57:10+00:00","twitter_card":"summary_large_image","twitter_misc":{"Dur\u00e9e de lecture estim\u00e9e":"1 minute"},"schema":{"@context":"https:\/\/schema.org","@graph":[{"@type":"WebPage","@id":"https:\/\/switzerlandcitytours.com\/DE\/portraet\/","url":"https:\/\/switzerlandcitytours.com\/DE\/portraet\/","name":"Portr\u00e4t - Switzerland City Tours","isPartOf":{"@id":"https:\/\/switzerlandcitytours.com\/DE\/#website"},"datePublished":"2023-08-25T22:21:36+00:00","dateModified":"2025-11-24T01:57:10+00:00","description":"Portr\u00e4t und Bewertungen zeigen meine Erfahrung, Leidenschaft und die R\u00fcckmeldungen zufriedener G\u00e4ste aus der ganzen Schweiz.","breadcrumb":{"@id":"https:\/\/switzerlandcitytours.com\/DE\/portraet\/#breadcrumb"},"inLanguage":"fr-FR","potentialAction":[{"@type":"ReadAction","target":["https:\/\/switzerlandcitytours.com\/DE\/portraet\/"]}]},{"@type":"BreadcrumbList","@id":"https:\/\/switzerlandcitytours.com\/DE\/portraet\/#breadcrumb","itemListElement":[{"@type":"ListItem","position":1,"name":"Accueil","item":"https:\/\/switzerlandcitytours.com\/DE\/"},{"@type":"ListItem","position":2,"name":"Portr\u00e4t"}]},{"@type":"WebSite","@id":"https:\/\/switzerlandcitytours.com\/DE\/#website","url":"https:\/\/switzerlandcitytours.com\/DE\/","name":"Switzerland City Tours","description":"Archaeological Adventures","publisher":{"@id":"https:\/\/switzerlandcitytours.com\/DE\/#organization"},"potentialAction":[{"@type":"SearchAction","target":{"@type":"EntryPoint","urlTemplate":"https:\/\/switzerlandcitytours.com\/DE\/?s={search_term_string}"},"query-input":{"@type":"PropertyValueSpecification","valueRequired":true,"valueName":"search_term_string"}}],"inLanguage":"fr-FR"},{"@type":"Organization","@id":"https:\/\/switzerlandcitytours.com\/DE\/#organization","name":"Switzerland City Tours","url":"https:\/\/switzerlandcitytours.com\/DE\/","logo":{"@type":"ImageObject","inLanguage":"fr-FR","@id":"https:\/\/switzerlandcitytours.com\/DE\/#\/schema\/logo\/image\/","url":"https:\/\/switzerlandcitytours.com\/DE\/wp-content\/uploads\/2022\/05\/Logo-png-1500-616.png","contentUrl":"https:\/\/switzerlandcitytours.com\/DE\/wp-content\/uploads\/2022\/05\/Logo-png-1500-616.png","width":1500,"height":616,"caption":"Switzerland City Tours"},"image":{"@id":"https:\/\/switzerlandcitytours.com\/DE\/#\/schema\/logo\/image\/"},"sameAs":["https:\/\/www.linkedin.com\/feed\/","https:\/\/www.researchgate.net\/profile\/Natacha-Piano","https:\/\/independent.academia.edu\/NatachaPiano"]}]}},"_links":{"self":[{"href":"https:\/\/switzerlandcitytours.com\/DE\/wp-json\/wp\/v2\/pages\/10207","targetHints":{"allow":["GET"]}}],"collection":[{"href":"https:\/\/switzerlandcitytours.com\/DE\/wp-json\/wp\/v2\/pages"}],"about":[{"href":"https:\/\/switzerlandcitytours.com\/DE\/wp-json\/wp\/v2\/types\/page"}],"author":[{"embeddable":true,"href":"https:\/\/switzerlandcitytours.com\/DE\/wp-json\/wp\/v2\/users\/1"}],"replies":[{"embeddable":true,"href":"https:\/\/switzerlandcitytours.com\/DE\/wp-json\/wp\/v2\/comments?post=10207"}],"version-history":[{"count":2,"href":"https:\/\/switzerlandcitytours.com\/DE\/wp-json\/wp\/v2\/pages\/10207\/revisions"}],"predecessor-version":[{"id":12798,"href":"https:\/\/switzerlandcitytours.com\/DE\/wp-json\/wp\/v2\/pages\/10207\/revisions\/12798"}],"wp:attachment":[{"href":"https:\/\/switzerlandcitytours.com\/DE\/wp-json\/wp\/v2\/media?parent=10207"}],"curies":[{"name":"wp","href":"https:\/\/api.w.org\/{rel}","templated":true}]}}